{"id":5934,"date":"2025-12-14T09:20:17","date_gmt":"2025-12-14T09:20:17","guid":{"rendered":"https:\/\/aflex.org\/contactenos\/"},"modified":"2025-12-27T06:17:27","modified_gmt":"2025-12-27T06:17:27","slug":"contactenos","status":"publish","type":"page","link":"https:\/\/aflex.org\/es\/contactenos\/","title":{"rendered":"CONT\u00c1CTENOS"},"content":{"rendered":"\t\t<div data-elementor-type=\"wp-page\" data-elementor-id=\"5934\" class=\"elementor elementor-5934 elementor-5522\" data-elementor-post-type=\"page\">\n\t\t\t\t<div class=\"elementor-element elementor-element-14b466c parallax-section e-flex e-con-boxed rt-default-class e-con e-parent\" data-id=\"14b466c\" data-element_type=\"container\" data-e-type=\"container\" data-settings=\"{&quot;background_background&quot;:&quot;classic&quot;,&quot;background_motion_fx_motion_fx_scrolling&quot;:&quot;yes&quot;,&quot;background_motion_fx_translateY_effect&quot;:&quot;yes&quot;,&quot;background_motion_fx_translateY_speed&quot;:{&quot;unit&quot;:&quot;px&quot;,&quot;size&quot;:1.3,&quot;sizes&quot;:[]},&quot;background_motion_fx_translateY_affectedRange&quot;:{&quot;unit&quot;:&quot;%&quot;,&quot;size&quot;:&quot;&quot;,&quot;sizes&quot;:{&quot;start&quot;:0,&quot;end&quot;:100}},&quot;background_motion_fx_devices&quot;:[&quot;desktop&quot;,&quot;tablet&quot;,&quot;mobile&quot;]}\">\n\t\t\t\t\t<div class=\"e-con-inner\">\n\t\t\t\t<div class=\"elementor-element elementor-element-5195fc6 rt-default-class elementor-widget elementor-widget-rtbreadrumb\" data-id=\"5195fc6\" data-element_type=\"widget\" data-e-type=\"widget\" data-widget_type=\"rtbreadrumb.default\">\n\t\t\t\t<div class=\"elementor-widget-container\">\n\t\t\t\t\t    \r\n\r\n    <div class=\"breadcrumb-inner-addon\">\r\n        <div class=\"rt-title-part\">\r\n            <h1 class=\"page-title\"><\/h1>\r\n                    <\/div>\r\n        <div class=\"breadcrumb-path\">\r\n                <a href=\"https:\/\/aflex.org\/es\/\">Home<\/a>            <\/div>\r\n    <\/div>   \r\n    \t\t\t\t<\/div>\n\t\t\t\t<\/div>\n\t\t\t\t\t<\/div>\n\t\t\t\t<\/div>\n\t\t<div class=\"elementor-element elementor-element-596ec43 e-con-full e-flex rt-default-class e-con e-parent\" data-id=\"596ec43\" data-element_type=\"container\" data-e-type=\"container\">\n\t\t<div class=\"elementor-element elementor-element-e869e5e e-con-full e-flex rt-default-class e-con e-child\" data-id=\"e869e5e\" data-element_type=\"container\" data-e-type=\"container\">\n\t\t\t\t<div class=\"elementor-element elementor-element-2acfddd rt-default-class elementor-widget elementor-widget-text-editor\" data-id=\"2acfddd\" data-element_type=\"widget\" data-e-type=\"widget\" data-widget_type=\"text-editor.default\">\n\t\t\t\t\t\t\t\t\t<p>En <strong>AFLEX<\/strong>, cada compa\u00f1ero cuenta. Juntos, somos un movimiento arraigado en la justicia, construyendo un futuro donde cada trabajador Contratado Local (CL) sea valorado y donde la integridad de Brasil pueda brillar en todo el mundo.<\/p>\t\t\t\t\t\t\t\t<\/div>\n\t\t\t\t<div class=\"elementor-element elementor-element-10f4ffa rt-default-class elementor-widget elementor-widget-react-heading\" data-id=\"10f4ffa\" data-element_type=\"widget\" data-e-type=\"widget\" data-widget_type=\"react-heading.default\">\n\t\t\t\t<div class=\"elementor-widget-container\">\n\t\t\t\t\t\t\t<div class=\"animation-style2 react-heading default\">\r\n\t\t\t<div class=\"title-inner no bg_sub_text_no double_sub_text_no\">\r\n\t\t\t\t<div class=\"split_collab_words\"><h2 class=\"title word-line\">\u00danete a nosotros<\/h2><\/div>\t\t\t<\/div>\r\n\t\t\t\t\t\t\t\t\t\t\t<\/div>\t\t\t\r\n\t\t\t\t\t<\/div>\n\t\t\t\t<\/div>\n\t\t\t\t<div class=\"elementor-element elementor-element-b49de09 rt-default-class elementor-widget elementor-widget-text-editor\" data-id=\"b49de09\" data-element_type=\"widget\" data-e-type=\"widget\" data-widget_type=\"text-editor.default\">\n\t\t\t\t\t\t\t\t\t<p>Trabajadores Contratados Locales, aliados y simpatizantes en todo el mundo.<\/p><p>La comunidad de AFLEX est\u00e1 uniendo a miles de personas en todo el planeta. Nuestra red incluye Contratados Locales (CLs), colegas jubilados y aliados que ofrecen su tiempo, habilidades, experiencia y servicios para avanzar en la misi\u00f3n de AFLEX.<\/p><p>Entre nuestros aliados y voluntarios se encuentran consultores en derecho laboral, abogados, representantes sindicales, asesores de comunicaci\u00f3n, especialistas en TI, profesionales de prensa y relaciones p\u00fablicas, pol\u00edticos, responsables de pol\u00edticas p\u00fablicas, analistas de sistemas gubernamentales, activistas, coordinadores de eventos y muchos m\u00e1s \u2014todos contribuyendo a fortalecer nuestra voz colectiva.<\/p><p>Si tienes habilidades similares, o cualquier experiencia que pueda contribuir, te invitamos a unirte a nosotros y participar. Toda aportaci\u00f3n nos hace m\u00e1s fuertes.<\/p><p>Juntos, estamos impulsando un cambio real. Esperamos poder contar contigo.<\/p>\t\t\t\t\t\t\t\t<\/div>\n\t\t\t\t<div class=\"elementor-element elementor-element-87bc8cb rt-default-class elementor-widget elementor-widget-react-heading\" data-id=\"87bc8cb\" data-element_type=\"widget\" data-e-type=\"widget\" data-widget_type=\"react-heading.default\">\n\t\t\t\t<div class=\"elementor-widget-container\">\n\t\t\t\t\t\t\t<div class=\"animation-style2 react-heading default\">\r\n\t\t\t<div class=\"title-inner no bg_sub_text_no double_sub_text_no\">\r\n\t\t\t\t<div class=\"split_collab_words\"><h2 class=\"title word-line\">Conociendo Nuestra Comunidad<\/h2><\/div>\t\t\t<\/div>\r\n\t\t\t\t\t\t\t\t\t\t\t<\/div>\t\t\t\r\n\t\t\t\t\t<\/div>\n\t\t\t\t<\/div>\n\t\t\t\t<div class=\"elementor-element elementor-element-4fb9603 rt-default-class elementor-widget elementor-widget-text-editor\" data-id=\"4fb9603\" data-element_type=\"widget\" data-e-type=\"widget\" data-widget_type=\"text-editor.default\">\n\t\t\t\t\t\t\t\t\t<p>Para ayudarnos a comprender mejor a nuestra comunidad, nos gustar\u00eda saber un poco m\u00e1s sobre ti. Todo lo que compartas ser\u00e1 tratado con total confidencialidad y se utilizar\u00e1 \u00fanicamente para fortalecer nuestra voz colectiva y nuestra historia. Tu confianza es importante para nosotros y tu privacidad estar\u00e1 siempre protegida.<\/p>\t\t\t\t\t\t\t\t<\/div>\n\t\t\t\t<div class=\"elementor-element elementor-element-6a3ec90 rt-default-class elementor-widget elementor-widget-shortcode\" data-id=\"6a3ec90\" data-element_type=\"widget\" data-e-type=\"widget\" data-widget_type=\"shortcode.default\">\n\t\t\t\t\t\t\t<div class=\"elementor-shortcode\"><div class=\"forminator-ui forminator-custom-form forminator-custom-form-7712 forminator-design--default forminator-enclosed forminator_ajax\" data-forminator-render=\"0\" data-form=\"forminator-module-7712\" data-uid=\"69f5062870bb6\"><br\/><\/div><form\n\t\t\t\tid=\"forminator-module-7712\"\n\t\t\t\tclass=\"forminator-ui forminator-custom-form forminator-custom-form-7712 forminator-design--default forminator-enclosed forminator_ajax\"\n\t\t\t\tmethod=\"post\"\n\t\t\t\tdata-forminator-render=\"0\"\n\t\t\t\tdata-form-id=\"7712\"\n\t\t\t\tenctype=\"multipart\/form-data\" data-color-option=\"theme\" data-design=\"default\" data-grid=\"enclosed\" style=\"display: none;\"\n\t\t\t\tdata-uid=\"69f5062870bb6\"\n\t\t\t><div role=\"alert\" aria-live=\"polite\" class=\"forminator-response-message forminator-error\" aria-hidden=\"true\"><\/div><div class=\"forminator-row\"><div id=\"name-1\" class=\"forminator-field-name forminator-col forminator-col-12 \"><div class=\"forminator-field\"><label for=\"forminator-field-name-1_69f5062870bb6\" id=\"forminator-field-name-1_69f5062870bb6-label\" class=\"forminator-label\">Nombre complete <span class=\"forminator-required\">*<\/span><\/label><input type=\"text\" name=\"name-1\" value=\"\" placeholder=\"\" id=\"forminator-field-name-1_69f5062870bb6\" class=\"forminator-input forminator-name--field\" aria-required=\"true\" autocomplete=\"name\" \/><\/div><\/div><\/div><div class=\"forminator-row\"><div id=\"email-1\" class=\"forminator-field-email forminator-col forminator-col-12 \"><div class=\"forminator-field\"><label for=\"forminator-field-email-1_69f5062870bb6\" id=\"forminator-field-email-1_69f5062870bb6-label\" class=\"forminator-label\">Direcci\u00f3n de correo electr\u00f3nico <span class=\"forminator-required\">*<\/span><\/label><input type=\"email\" name=\"email-1\" value=\"\" placeholder=\"\" id=\"forminator-field-email-1_69f5062870bb6\" class=\"forminator-input forminator-email--field\" data-required=\"true\" aria-required=\"true\" autocomplete=\"email\" \/><\/div><\/div><\/div><div class=\"forminator-row\"><div id=\"name-2\" class=\"forminator-field-name forminator-col forminator-col-12 \"><div class=\"forminator-field\"><label for=\"forminator-field-name-2_69f5062870bb6\" id=\"forminator-field-name-2_69f5062870bb6-label\" class=\"forminator-label\">\u00bfEn qu\u00e9 pa\u00eds est\u00e1s basado? <span class=\"forminator-required\">*<\/span><\/label><input type=\"text\" name=\"name-2\" value=\"\" placeholder=\"\" id=\"forminator-field-name-2_69f5062870bb6\" class=\"forminator-input forminator-name--field\" aria-required=\"true\" autocomplete=\"name\" \/><\/div><\/div><\/div><div class=\"forminator-row\"><div id=\"name-3\" class=\"forminator-field-name forminator-col forminator-col-12 \"><div class=\"forminator-field\"><label for=\"forminator-field-name-3_69f5062870bb6\" id=\"forminator-field-name-3_69f5062870bb6-label\" class=\"forminator-label\">\u00bfPara qu\u00e9 Misi\u00f3n Diplom\u00e1tica u Organizaci\u00f3n Brasile\u00f1a trabaja usted? <span class=\"forminator-required\">*<\/span><\/label><input type=\"text\" name=\"name-3\" value=\"\" placeholder=\"\" id=\"forminator-field-name-3_69f5062870bb6\" class=\"forminator-input forminator-name--field\" aria-required=\"true\" autocomplete=\"name\" \/><\/div><\/div><\/div><div class=\"forminator-row\"><div id=\"name-4\" class=\"forminator-field-name forminator-col forminator-col-12 \"><div class=\"forminator-field\"><label for=\"forminator-field-name-4_69f5062870bb6\" id=\"forminator-field-name-4_69f5062870bb6-label\" class=\"forminator-label\">\u00bfCual es su puesto actual? <span class=\"forminator-required\">*<\/span><\/label><input type=\"text\" name=\"name-4\" value=\"\" placeholder=\"\" id=\"forminator-field-name-4_69f5062870bb6\" class=\"forminator-input forminator-name--field\" aria-required=\"true\" autocomplete=\"name\" \/><\/div><\/div><\/div><div class=\"forminator-row\"><div id=\"name-6\" class=\"forminator-field-name forminator-col forminator-col-12 \"><div class=\"forminator-field\"><label for=\"forminator-field-name-6_69f5062870bb6\" id=\"forminator-field-name-6_69f5062870bb6-label\" class=\"forminator-label\">\u00bfCuanto tiempo llevas trabajando all\u00ed? <span class=\"forminator-required\">*<\/span><\/label><input type=\"text\" name=\"name-6\" value=\"\" placeholder=\"\" id=\"forminator-field-name-6_69f5062870bb6\" class=\"forminator-input forminator-name--field\" aria-required=\"true\" autocomplete=\"name\" \/><\/div><\/div><\/div><div class=\"forminator-row\"><div id=\"name-7\" class=\"forminator-field-name forminator-col forminator-col-12 \"><div class=\"forminator-field\"><label for=\"forminator-field-name-7_69f5062870bb6\" id=\"forminator-field-name-7_69f5062870bb6-label\" class=\"forminator-label\">Mensaje: <span class=\"forminator-required\">*<\/span><\/label><input type=\"text\" name=\"name-7\" value=\"\" placeholder=\"\" id=\"forminator-field-name-7_69f5062870bb6\" class=\"forminator-input forminator-name--field\" aria-required=\"true\" autocomplete=\"name\" \/><\/div><\/div><\/div><div class=\"forminator-row\"><div id=\"upload-1\" class=\"forminator-field-upload forminator-col forminator-col-12 \"><div class=\"forminator-field\"><label for=\"forminator-field-upload-1_69f5062870bb6\" id=\"forminator-field-upload-1_69f5062870bb6-label\" class=\"forminator-label\">Adjunte y env\u00ede su documento\/video aqu\u00ed:<\/label><div class=\"forminator-file-upload \" data-element=\"upload-1_69f5062870bb6\"><input type=\"file\" name=\"upload-1\" id=\"forminator-field-upload-1_69f5062870bb6\" class=\"forminator-input-file\" accept=\".jpg,.jpeg,.jpe,.gif,.png,.bmp,.tiff,.tif,.webp,.avif,.ico,.heic,.heif,.heics,.heifs,.asf,.asx,.wmv,.wmx,.wm,.avi,.divx,.flv,.mov,.qt,.mpeg,.mpg,.mpe,.mp4,.m4v,.ogv,.webm,.mkv,.3gp,.3gpp,.3g2,.3gp2,.txt,.asc,.c,.cc,.h,.srt,.csv,.tsv,.ics,.rtx,.vtt,.mp3,.m4a,.m4b,.aac,.ra,.ram,.wav,.x-wav,.ogg,.oga,.flac,.mid,.midi,.wma,.wax,.mka,.rtf,.pdf,.class,.tar,.zip,.gz,.gzip,.7z,.psd,.xcf,.doc,.pot,.pps,.ppt,.wri,.xla,.xls,.xlt,.xlw,.mdb,.mpp,.docx,.docm,.dotx,.dotm,.xlsx,.xlsm,.xlsb,.xltx,.xltm,.xlam,.pptx,.pptm,.ppsx,.ppsm,.potx,.potm,.ppam,.sldx,.sldm,.onetoc,.onetoc2,.onetmp,.onepkg,.oxps,.xps,.odt,.odp,.ods,.odg,.odc,.odb,.odf,.wp,.wpd,.key,.numbers,.pages\" tabindex=\"-1\"><button id=\"forminator-field-upload-1_69f5062870bb6_button\" class=\"forminator-button forminator-button-upload\" data-id=\"forminator-field-upload-1_69f5062870bb6\">Elegir archivo<\/button><span data-empty-text=\"Ning\u00fan archivo seleccionado\">Ning\u00fan archivo seleccionado<\/span><button class=\"forminator-button-delete\" style=\"display: none;\"><i class=\"forminator-icon-close\" aria-hidden=\"true\"><\/i><span class=\"forminator-screen-reader-only\">Eliminar el archivo subido<\/span><\/button><\/div><\/div><\/div><\/div><input type=\"hidden\" name=\"referer_url\" value=\"\" \/><div class=\"forminator-row forminator-row-last\"><div class=\"forminator-col\"><div class=\"forminator-field\"><button class=\"forminator-button forminator-button-submit\">Enviar<\/button><\/div><\/div><\/div><input type=\"hidden\" id=\"forminator_nonce\" name=\"forminator_nonce\" value=\"119a08ac84\" \/><input type=\"hidden\" name=\"_wp_http_referer\" value=\"\/es\/wp-json\/wp\/v2\/pages\/5934\" \/><input type=\"hidden\" name=\"form_id\" value=\"7712\"><input type=\"hidden\" name=\"page_id\" value=\"0\"><input type=\"hidden\" name=\"form_type\" value=\"default\"><input type=\"hidden\" name=\"current_url\" value=\"\"><input type=\"hidden\" name=\"render_id\" value=\"0\"><input type=\"hidden\" name=\"action\" value=\"forminator_submit_form_custom-forms\"><\/form><\/div>\n\t\t\t\t\t\t<\/div>\n\t\t<div class=\"elementor-element elementor-element-8f40133 e-con-full e-flex rt-default-class e-con e-child\" data-id=\"8f40133\" data-element_type=\"container\" data-e-type=\"container\">\n\t\t\t\t<div class=\"elementor-element elementor-element-af56c3e rt-default-class elementor-widget elementor-widget-react-heading\" data-id=\"af56c3e\" data-element_type=\"widget\" data-e-type=\"widget\" data-widget_type=\"react-heading.default\">\n\t\t\t\t<div class=\"elementor-widget-container\">\n\t\t\t\t\t\t\t<div class=\"animation-style2 react-heading default\">\r\n\t\t\t<div class=\"title-inner no bg_sub_text_no double_sub_text_no\">\r\n\t\t\t\t<div class=\"split_collab_words\"><h2 class=\"title word-line\">T\u00e9rminos y Condiciones de Uso del Sitio Web de AFLEX<\/h2><\/div>\t\t\t<\/div>\r\n\t\t\t\t\t\t\t\t\t\t\t<\/div>\t\t\t\r\n\t\t\t\t\t<\/div>\n\t\t\t\t<\/div>\n\t\t\t\t<div class=\"elementor-element elementor-element-da9f60c rt-default-class elementor-widget elementor-widget-text-editor\" data-id=\"da9f60c\" data-element_type=\"widget\" data-e-type=\"widget\" data-widget_type=\"text-editor.default\">\n\t\t\t\t\t\t\t\t\t<p>Bienvenido al sitio oficial de<strong> AFLEX<\/strong> \u2013 <strong>A<\/strong>sociaci\u00f3n de <strong>F<\/strong>uncionarios <strong>L<\/strong>ocales en el <strong>EX<\/strong>terior. AFLEX representa a los empleados contratados localmente que trabajan para el Gobierno Brasile\u00f1o en sus embajadas, consulados y misiones diplom\u00e1ticas en todo el mundo.<\/p><p>Al acceder a este sitio web, usted acepta los siguientes t\u00e9rminos y condiciones:<\/p><p><strong>1. Uso Exclusivamente Informativo<\/strong><\/p><p>Este sitio es una plataforma de car\u00e1cter informativo gestionada por AFLEX. Su prop\u00f3sito es reunir informaci\u00f3n general, archivos hist\u00f3ricos, actualizaciones relevantes y testimonios de experiencias vividas por los Funcionarios Contratados Locales (CLs). Bajo ninguna circunstancia proporciona asesoramiento legal, financiero o laboral oficial. Todo el contenido tiene fines educativos, de concienciaci\u00f3n p\u00fablica e inter\u00e9s general.<\/p><p><strong>2. Sobre Garant\u00edas y Responsabilidad<\/strong><\/p><p>AFLEX se esfuerza por mantener la informaci\u00f3n precisa, actualizada y \u00fatil. Sin embargo, <strong>no podemos garantizar<\/strong> que todos los datos est\u00e9n actualizados en tiempo real ni que sean aplicables a todas las situaciones que enfrentan los Funcionarios Contratados Locales (CLs) en diferentes pa\u00edses.<\/p><p><strong>3. Enlaces Externos<\/strong><\/p><p>Nuestro sitio puede incluir enlaces a p\u00e1ginas web de terceros o recursos externos. Estos se comparten <strong>\u00fanicamente por conveniencia<\/strong>. <strong>AFLEX no controla, respalda ni asume responsabilidad<\/strong> por el contenido, la exactitud o la seguridad de esos sitios externos.<\/p><p><strong>4. Exenci\u00f3n de Responsabilidad<\/strong><\/p><p>AFLEX, sus representantes, creadores del sitio y colaboradores <strong>no ser\u00e1n responsables<\/strong> por malentendidos, p\u00e9rdidas, da\u00f1os o consecuencias derivadas del uso y\/o mal uso y\/o interpretaci\u00f3n err\u00f3nea de este sitio web o de su contenido, incluidos los enlaces a terceros.<\/p><p><strong>5. Uso y Reproducci\u00f3n de Contenidos<\/strong><\/p><p>Todo el contenido original, incluidos los textos en los tres idiomas y materiales gr\u00e1ficos creados y producidos por AFLEX, est\u00e1 protegido por derechos de autor. La reproducci\u00f3n, distribuci\u00f3n o <strong>uso p\u00fablico de cualquier tipo sin autorizaci\u00f3n previa por escrito<\/strong> est\u00e1 estrictamente prohibida.<\/p><p><strong>6. Actualizaciones y Modificaciones<\/strong><\/p><p>Estos t\u00e9rminos pueden actualizarse sin previo aviso. El uso continuado del sitio implica la aceptaci\u00f3n de la versi\u00f3n vigente de estos T\u00e9rminos y Condiciones.<\/p><hr \/><p><br \/>Si tiene dudas, inquietudes o sugerencias, p\u00f3ngase en contacto con nosotros mediante el formulario disponible en la p\u00e1gina <strong>Cont\u00e1ctenos<\/strong><\/p><p>Juntos protegemos, informamos y amplificamos la voz de los Contratados Locales en todo el mundo.<\/p>\t\t\t\t\t\t\t\t<\/div>\n\t\t\t\t<\/div>\n\t\t\t\t<\/div>\n\t\t\t\t<\/div>\n\t\t\t\t<\/div>\n\t\t","protected":false},"excerpt":{"rendered":"<p>Home En AFLEX, cada compa\u00f1ero cuenta. Juntos, somos un movimiento arraigado en la justicia, construyendo un futuro donde cada trabajador Contratado Local (CL) sea valorado y donde la integridad de Brasil pueda brillar en todo el mundo. \u00danete a nosotros Trabajadores Contratados Locales, aliados y simpatizantes en todo el mundo. La comunidad de AFLEX est\u00e1&#8230;<\/p>\n","protected":false},"author":1,"featured_media":0,"parent":0,"menu_order":0,"comment_status":"closed","ping_status":"closed","template":"elementor_header_footer","meta":{"footnotes":""},"class_list":["post-5934","page","type-page","status-publish","hentry"],"_links":{"self":[{"href":"https:\/\/aflex.org\/es\/wp-json\/wp\/v2\/pages\/5934","targetHints":{"allow":["GET"]}}],"collection":[{"href":"https:\/\/aflex.org\/es\/wp-json\/wp\/v2\/pages"}],"about":[{"href":"https:\/\/aflex.org\/es\/wp-json\/wp\/v2\/types\/page"}],"author":[{"embeddable":true,"href":"https:\/\/aflex.org\/es\/wp-json\/wp\/v2\/users\/1"}],"replies":[{"embeddable":true,"href":"https:\/\/aflex.org\/es\/wp-json\/wp\/v2\/comments?post=5934"}],"version-history":[{"count":31,"href":"https:\/\/aflex.org\/es\/wp-json\/wp\/v2\/pages\/5934\/revisions"}],"predecessor-version":[{"id":7715,"href":"https:\/\/aflex.org\/es\/wp-json\/wp\/v2\/pages\/5934\/revisions\/7715"}],"wp:attachment":[{"href":"https:\/\/aflex.org\/es\/wp-json\/wp\/v2\/media?parent=5934"}],"curies":[{"name":"wp","href":"https:\/\/api.w.org\/{rel}","templated":true}]}}